{"id":35,"date":"2017-10-08T16:01:17","date_gmt":"2017-10-08T14:01:17","guid":{"rendered":"http:\/\/bahnimbahnhof.at\/?page_id=35"},"modified":"2025-05-01T11:39:17","modified_gmt":"2025-05-01T09:39:17","slug":"impressum","status":"publish","type":"page","link":"https:\/\/bahnimbahnhof.at\/en\/impressum\/","title":{"rendered":"Impressum"},"content":{"rendered":"<p><strong>Verein Modellbahnmuseum Mariazellerbahn<\/strong><br \/>Bahnhofstra\u00dfe 9<\/p>\n<p>Museum \/ Museumsshop<\/p>\n<p>3204 Kirchberg an der Pielach<br \/>02722\/7309 (Gemeinde Kirchberg an der Pielach)<br \/>E-Mail: <a href=\"mailto:verein@bahnimbahnhof.at\">verein@bahnimbahnhof.at<\/a><\/p>\n<p>ZVR-Zahl: 120585613<br \/>UID: ATU81977557<\/p>\n<p>\u00a0<\/p>\n<p>Berufsrecht:<\/p>\n<p>Gewerbeordnung:www.ris.bka.gv.at<\/p>\n<p>Bezirkshauptmannschaft St.P\u00f6lten<\/p>\n<p>\u00a0<\/p>\n<p>Verbraucher haben die M\u00f6glichkeit,<br \/>Beschwerden an die OnlineStreitbelegungsplattform der EU zu<br \/>richten: http:\/\/ec.europa.eu\/odr.<br \/>Sie k\u00f6nnen allf\u00e4llige Beschwerde auch an<br \/>die oben angegebene E-Mai-Adresse<br \/>richten.<\/p>\n<p><strong>Obmann<\/strong><br \/>G\u00fcnter Draxler<br \/>E-Mail: <a href=\"mailto:office@bahnimbahnhof.at\">office@bahnimbahnhof.at<\/a><\/p>\n<p><strong>Hintergrundbild:<\/strong> Tobias Moser, R 6805 mit 1099.016 am 27.10.2013 zwischen Kirchberg an der Pielach und Schwerbach.<\/p>\n<p>Wir \u00fcbernehmen keine Haftung f\u00fcr die Inhalte externer Links, f\u00fcr den Inhalt verlinkter Seiten sind ausschlie\u00dflich deren Betreiber verantwortlich.<\/p>\n<p>\u201eDiese Website benutzt Google Analytics, einen Webanalysedienst der Google Inc. (\u201eGoogle\u201c). Google Analytics verwendet sog. \u201eCookies\u201c, Textdateien, die auf Ihrem Computer gespeichert werden und die eine Analyse der Benutzung der Website durch Sie erm\u00f6glichen. Die durch den Cookie erzeugten Informationen \u00fcber Ihre Benutzung dieser Website (einschlie\u00dflich Ihrer IP-Adresse) wird an einen Server von Google in den USA \u00fcbertragen und dort gespeichert. Google wird diese Informationen benutzen, um Ihre Nutzung der Website auszuwerten, um Reports \u00fcber die Websiteaktivit\u00e4ten f\u00fcr die Websitebetreiber zusammenzustellen und um weitere mit der Websitenutzung und der Internetnutzung verbundene Dienstleistungen zu erbringen.<\/p>\n<p>Auch wird Google diese Informationen gegebenenfalls an Dritte \u00fcbertragen, sofern dies gesetzlich vorgeschrieben oder soweit Dritte diese Daten im Auftrag von Google verarbeiten. Google wird in keinem Fall Ihre IP-Adresse mit anderen Daten von Google in Verbindung bringen. Sie k\u00f6nnen die Installation der Cookies durch eine entsprechende Einstellung Ihrer Browser Software verhindern; wir weisen Sie jedoch darauf hin, dass Sie in diesem Fall gegebenenfalls nicht s\u00e4mtliche Funktionen dieser Website vollumf\u00e4nglich nutzen k\u00f6nnen. Durch die Nutzung dieser Website erkl\u00e4ren Sie sich mit der Bearbeitung der \u00fcber Sie erhobenen Daten durch Google in der zuvor beschriebenen Art und Weise und zu dem zuvor benannten Zweck einverstanden.\u201c<\/p>\n\n\n<p><\/p>\n","protected":false},"excerpt":{"rendered":"<p>Verein Modellbahnmuseum MariazellerbahnBahnhofstra\u00dfe 9 Museum \/ Museumsshop 3204 Kirchberg an der Pielach02722\/7309 (Gemeinde Kirchberg an der Pielach)E-Mail: verein@bahnimbahnhof.at ZVR-Zahl: 120585613UID: ATU81977557 \u00a0 Berufsrecht: Gewerbeordnung:www.ris.bka.gv.at Bezirkshauptmannschaft St.P\u00f6lten \u00a0 Verbraucher haben die [&hellip;]<\/p>\n","protected":false},"author":2,"featured_media":0,"parent":0,"menu_order":0,"comment_status":"closed","ping_status":"closed","template":"","meta":{"_mi_skip_tracking":false,"footnotes":""},"class_list":["post-35","page","type-page","status-publish","hentry"],"translation":{"provider":"WPGlobus","version":"2.10.10","language":"en","enabled_languages":["de","en","fr"],"languages":{"de":{"title":true,"content":true,"excerpt":false},"en":{"title":false,"content":false,"excerpt":false},"fr":{"title":false,"content":false,"excerpt":false}}},"_links":{"self":[{"href":"https:\/\/bahnimbahnhof.at\/en\/wp-json\/wp\/v2\/pages\/35","targetHints":{"allow":["GET"]}}],"collection":[{"href":"https:\/\/bahnimbahnhof.at\/en\/wp-json\/wp\/v2\/pages"}],"about":[{"href":"https:\/\/bahnimbahnhof.at\/en\/wp-json\/wp\/v2\/types\/page"}],"author":[{"embeddable":true,"href":"https:\/\/bahnimbahnhof.at\/en\/wp-json\/wp\/v2\/users\/2"}],"replies":[{"embeddable":true,"href":"https:\/\/bahnimbahnhof.at\/en\/wp-json\/wp\/v2\/comments?post=35"}],"version-history":[{"count":10,"href":"https:\/\/bahnimbahnhof.at\/en\/wp-json\/wp\/v2\/pages\/35\/revisions"}],"predecessor-version":[{"id":868,"href":"https:\/\/bahnimbahnhof.at\/en\/wp-json\/wp\/v2\/pages\/35\/revisions\/868"}],"wp:attachment":[{"href":"https:\/\/bahnimbahnhof.at\/en\/wp-json\/wp\/v2\/media?parent=35"}],"curies":[{"name":"wp","href":"https:\/\/api.w.org\/{rel}","templated":true}]}}