{"id":41,"date":"2017-10-08T16:10:40","date_gmt":"2017-10-08T14:10:40","guid":{"rendered":"http:\/\/bahnimbahnhof.at\/?page_id=41"},"modified":"2019-09-18T16:35:32","modified_gmt":"2019-09-18T14:35:32","slug":"anlage","status":"publish","type":"page","link":"https:\/\/bahnimbahnhof.at\/en\/anlage\/","title":{"rendered":"Anlage"},"content":{"rendered":"\n<p>Unsere Modellanlage wurde von Anfang 2017 bis Anfang 2019 neu Aufgebaut. <\/p>\n\n\n\n<p>Sie zeigt nun den Abschnitt der Mariazellerbahn von Laubenbachm\u00fchle bis Erlaufklause mit allen Bahnh\u00f6fen, Br\u00fccken und Tunnels. Au\u00dferdem wurde auch der Bahnhof Kirchberg und die Ruine Wei\u00dfenburg errichtet. Die Z\u00fcge k\u00f6nnen vom Besucher halbautomatisch in Betrieb genommen werden.<\/p>\n\n\n\n<figure class=\"wp-block-image\"><img loading=\"lazy\" decoding=\"async\" width=\"1024\" height=\"683\" src=\"http:\/\/bahnimbahnhof.at\/wp-content\/uploads\/2019\/09\/Fink1-1024x683.jpg\" alt=\"\" class=\"wp-image-514\" srcset=\"https:\/\/bahnimbahnhof.at\/wp-content\/uploads\/2019\/09\/Fink1-1024x683.jpg 1024w, https:\/\/bahnimbahnhof.at\/wp-content\/uploads\/2019\/09\/Fink1-300x200.jpg 300w, https:\/\/bahnimbahnhof.at\/wp-content\/uploads\/2019\/09\/Fink1-768x512.jpg 768w\" sizes=\"auto, (max-width: 1024px) 100vw, 1024px\" \/><figcaption>N\u00d6VOG \u00d6tscherb\u00e4r beim Halt in Puchenstuben. Die realistische Fotokulisse wurde von Andreas Dietrich gestaltet. Foto: Alexander Fink<\/figcaption><\/figure>\n\n\n\n<figure class=\"wp-block-image\"><img loading=\"lazy\" decoding=\"async\" width=\"1024\" height=\"683\" src=\"http:\/\/bahnimbahnhof.at\/wp-content\/uploads\/2019\/09\/Fink2-1024x683.jpg\" alt=\"\" class=\"wp-image-515\" srcset=\"https:\/\/bahnimbahnhof.at\/wp-content\/uploads\/2019\/09\/Fink2-1024x683.jpg 1024w, https:\/\/bahnimbahnhof.at\/wp-content\/uploads\/2019\/09\/Fink2-300x200.jpg 300w, https:\/\/bahnimbahnhof.at\/wp-content\/uploads\/2019\/09\/Fink2-768x512.jpg 768w\" sizes=\"auto, (max-width: 1024px) 100vw, 1024px\" \/><figcaption>Ruine Wei\u00dfenburg zwischen Kirchberg und Laubenbachm\u00fchle. Foto: Alexander Fink<\/figcaption><\/figure>\n\n\n\n<p>Die Folgenden Bilder zeigen die Anlage w\u00e4hrend der Bauphase.<\/p>\n\n\n\n<div class=\"wp-block-image\"><figure class=\"aligncenter\"><img decoding=\"async\" src=\"http:\/\/ggrexy.zenfolio.com\/img\/s\/v-3\/p2926262254-4.jpg\" alt=\"\"\/><figcaption>Die Nordrampe noch ohne Landschaft. Foto: Markus Gregory<\/figcaption><\/figure><\/div>\n\n\n\n<div class=\"wp-block-image\"><figure class=\"aligncenter\"><img decoding=\"async\" src=\"http:\/\/ggrexy.zenfolio.com\/img\/s\/v-3\/p2926261387-4.jpg\" alt=\"\"\/><figcaption>Raingrabenbr\u00fccke noch ohne Begr\u00fcnung und Oberleitung. Foto: Markus Gregory<\/figcaption><\/figure><\/div>\n\n\n\n<p>Fotos unserer alten Anlage finden Sie unter folgendem Link:<\/p>\n\n\n\n<p><a href=\"http:\/\/ggrexy.zenfolio.com\/mzbmodellmuseum\" target=\"_blank\" rel=\"noopener noreferrer\">ggrexy.zenfolio.com\/mzbmodellmuseum<\/a><\/p>\n","protected":false},"excerpt":{"rendered":"<p>Unsere Modellanlage wurde von Anfang 2017 bis Anfang 2019 neu Aufgebaut. Sie zeigt nun den Abschnitt der Mariazellerbahn von Laubenbachm\u00fchle bis Erlaufklause mit allen Bahnh\u00f6fen, Br\u00fccken und Tunnels. Au\u00dferdem wurde [&hellip;]<\/p>\n","protected":false},"author":2,"featured_media":0,"parent":0,"menu_order":0,"comment_status":"closed","ping_status":"closed","template":"","meta":{"_mi_skip_tracking":false,"footnotes":""},"class_list":["post-41","page","type-page","status-publish","hentry"],"translation":{"provider":"WPGlobus","version":"2.10.10","language":"en","enabled_languages":["de","en","fr"],"languages":{"de":{"title":true,"content":true,"excerpt":false},"en":{"title":false,"content":false,"excerpt":false},"fr":{"title":false,"content":false,"excerpt":false}}},"_links":{"self":[{"href":"https:\/\/bahnimbahnhof.at\/en\/wp-json\/wp\/v2\/pages\/41","targetHints":{"allow":["GET"]}}],"collection":[{"href":"https:\/\/bahnimbahnhof.at\/en\/wp-json\/wp\/v2\/pages"}],"about":[{"href":"https:\/\/bahnimbahnhof.at\/en\/wp-json\/wp\/v2\/types\/page"}],"author":[{"embeddable":true,"href":"https:\/\/bahnimbahnhof.at\/en\/wp-json\/wp\/v2\/users\/2"}],"replies":[{"embeddable":true,"href":"https:\/\/bahnimbahnhof.at\/en\/wp-json\/wp\/v2\/comments?post=41"}],"version-history":[{"count":8,"href":"https:\/\/bahnimbahnhof.at\/en\/wp-json\/wp\/v2\/pages\/41\/revisions"}],"predecessor-version":[{"id":517,"href":"https:\/\/bahnimbahnhof.at\/en\/wp-json\/wp\/v2\/pages\/41\/revisions\/517"}],"wp:attachment":[{"href":"https:\/\/bahnimbahnhof.at\/en\/wp-json\/wp\/v2\/media?parent=41"}],"curies":[{"name":"wp","href":"https:\/\/api.w.org\/{rel}","templated":true}]}}