{"id":205,"date":"2017-12-06T17:55:18","date_gmt":"2017-12-06T16:55:18","guid":{"rendered":"http:\/\/bahnimbahnhof.at\/?page_id=205"},"modified":"2026-03-14T11:10:35","modified_gmt":"2026-03-14T10:10:35","slug":"mitglied-werden","status":"publish","type":"page","link":"https:\/\/bahnimbahnhof.at\/fr\/mitglied-werden\/","title":{"rendered":"Mitglied werden"},"content":{"rendered":"\n<figure class=\"wp-block-image size-large\"><img loading=\"lazy\" decoding=\"async\" width=\"1024\" height=\"512\" src=\"http:\/\/bahnimbahnhof.at\/wp-content\/uploads\/2026\/03\/Banner-1024x512.jpg\" alt=\"\" class=\"wp-image-913\" srcset=\"https:\/\/bahnimbahnhof.at\/wp-content\/uploads\/2026\/03\/Banner-1024x512.jpg 1024w, https:\/\/bahnimbahnhof.at\/wp-content\/uploads\/2026\/03\/Banner-300x150.jpg 300w, https:\/\/bahnimbahnhof.at\/wp-content\/uploads\/2026\/03\/Banner-768x384.jpg 768w, https:\/\/bahnimbahnhof.at\/wp-content\/uploads\/2026\/03\/Banner-1536x768.jpg 1536w, https:\/\/bahnimbahnhof.at\/wp-content\/uploads\/2026\/03\/Banner-2048x1024.jpg 2048w\" sizes=\"auto, (max-width: 1024px) 100vw, 1024px\" \/><\/figure>\n\n\n\n<div class=\"wp-block-columns is-layout-flex wp-container-core-columns-is-layout-9d6595d7 wp-block-columns-is-layout-flex\">\n<div class=\"wp-block-column is-layout-flow wp-block-column-is-layout-flow\">\n<p>\u00dcber 100m\u00b2 Mariazellerbahn, im Ma\u00dfstab 1:87 und im Original, erwarten die Besucher im<br>Modellbahnmuseum Mariazellerbahn.<\/p>\n\n\n\n<p class=\"has-text-align-left\">Damit diese einzigartige Ausstellung weiter<br>wachsen, begeistern und technisch auf dem<br>neuesten Stand bleiben kann, sind wir auf der<br>Suche nach engagierten Menschen, welche unsere ehrenamtliche Arbeit unterst\u00fctzen m\u00f6chten!<\/p>\n<\/div>\n\n\n\n<div class=\"wp-block-column is-layout-flow wp-block-column-is-layout-flow\"><div class=\"wp-block-image\">\n<figure class=\"alignleft size-full is-resized\"><img loading=\"lazy\" decoding=\"async\" width=\"600\" height=\"266\" src=\"http:\/\/bahnimbahnhof.at\/wp-content\/uploads\/2017\/10\/BahnImBahnhof_Logo_RZ_170601_WEB.png\" alt=\"\" class=\"wp-image-6\" style=\"aspect-ratio:2.255532385978146;width:370px;height:auto\" srcset=\"https:\/\/bahnimbahnhof.at\/wp-content\/uploads\/2017\/10\/BahnImBahnhof_Logo_RZ_170601_WEB.png 600w, https:\/\/bahnimbahnhof.at\/wp-content\/uploads\/2017\/10\/BahnImBahnhof_Logo_RZ_170601_WEB-300x133.png 300w\" sizes=\"auto, (max-width: 600px) 100vw, 600px\" \/><\/figure>\n<\/div>\n\n\n<p><\/p>\n\n\n\n<p class=\"has-text-color has-link-color has-medium-font-size wp-elements-c6a6891dc457a8e8af6c2e2fcd9a2bbb\" style=\"color:#e63323;font-style:normal;font-weight:700\"><em>\u00dcber 125 Jahre Geschichte<br>erlebbar machen!<\/em><\/p>\n<\/div>\n<\/div>\n\n\n\n<h2 class=\"wp-block-heading has-text-color has-link-color wp-elements-ae67da0dfc744b0578a83a228550cfa9\" style=\"color:#e63323\">Dabei ben\u00f6tigen wir deine Unters\u00fctzung:<\/h2>\n\n\n\n<hr class=\"wp-block-separator has-alpha-channel-opacity\"\/>\n\n\n\n<div class=\"wp-block-columns is-layout-flex wp-container-core-columns-is-layout-9d6595d7 wp-block-columns-is-layout-flex\">\n<div class=\"wp-block-column is-layout-flow wp-block-column-is-layout-flow\">\n<h4 class=\"wp-block-heading has-text-color has-link-color wp-elements-d8bf18d8698342ac8ac595ceded04b2b\" style=\"color:#e63323\">Unterst\u00fctzung bei \u00d6ffnungstagen<\/h4>\n\n\n\n<ul class=\"wp-block-list\">\n<li>Betreuung der Besucher:innen<\/li>\n\n\n\n<li>Kassieren von Eintritten und Verk\u00e4ufen<\/li>\n\n\n\n<li>Unterst\u00fctzung bei Sonderveranstaltungen<\/li>\n<\/ul>\n\n\n\n<h4 class=\"wp-block-heading has-text-color has-link-color wp-elements-f24fa2dd36e8d98e6eb7e35bff9ffbfa\" style=\"color:#e63323\">Weiterbau &amp; Technik<\/h4>\n\n\n\n<ul class=\"wp-block-list\">\n<li>Landschafts- und Gel\u00e4ndebau<\/li>\n\n\n\n<li>Elektrik und Anlagensteuerung<\/li>\n\n\n\n<li>Einbau neuer Szenen<\/li>\n<\/ul>\n\n\n\n<h4 class=\"wp-block-heading has-text-color has-link-color wp-elements-a8f3001b290f93e9e23b20fe352e3a10\" style=\"color:#e63323\">Pflege &amp; Instandhaltung<\/h4>\n\n\n\n<ul class=\"wp-block-list\">\n<li>Reparaturen und Pflege von Objekten<\/li>\n\n\n\n<li>Wartung von Loks und Waggons<\/li>\n\n\n\n<li>Reinigung der Anlage und Ausstellung<\/li>\n<\/ul>\n<\/div>\n\n\n\n<div class=\"wp-block-column is-layout-flow wp-block-column-is-layout-flow\">\n<h4 class=\"wp-block-heading has-text-color has-link-color wp-elements-3402a819f4187dd686f8ab7b858be468\" style=\"color:#e63323\">Gestaltung &amp; Ausstellung<\/h4>\n\n\n\n<ul class=\"wp-block-list\">\n<li>Weiterentwicklung der Ausstellung<\/li>\n\n\n\n<li>Beschriftungen und Infotafeln<\/li>\n\n\n\n<li>Gestaltung von Kinder- und Jugendangeboten<\/li>\n<\/ul>\n\n\n\n<h4 class=\"wp-block-heading has-text-color has-link-color wp-elements-ceb5fb3781a2d499c4ad848b43c7a204\" style=\"color:#e63323\">Social Media &amp; \u00d6ffentlichkeitsarbeit<\/h4>\n\n\n\n<ul class=\"wp-block-list\">\n<li>Betreuung der Social Media-Kan\u00e4le<\/li>\n\n\n\n<li>Erstellung von Beitr\u00e4gen, Stories &amp; Infos<\/li>\n\n\n\n<li>Pressearbeit &amp; regionale Vernetzung<\/li>\n<\/ul>\n\n\n\n<h4 class=\"wp-block-heading has-text-color has-link-color wp-elements-85dbc93025c43775b48a78c9bc5922a4\" style=\"color:#e63323\">Projektarbeit<\/h4>\n\n\n\n<ul class=\"wp-block-list\">\n<li>Mitarbeit bei neuen Projekten<\/li>\n\n\n\n<li>Restaurierung von Austellungsst\u00fccken<\/li>\n\n\n\n<li>Entwicklung neuer Attraktionen<\/li>\n\n\n\n<li>Organisation von Events &amp; Ausstellungen<\/li>\n<\/ul>\n<\/div>\n<\/div>\n\n\n\n<p><strong>Egal ob technisch interessiert, organisatorisch stark oder gerne in Kontakt mit unseren Besucher:innen \u2013 wir freuen uns auf dich!<\/strong><\/p>\n\n\n\n<hr class=\"wp-block-separator has-alpha-channel-opacity\"\/>\n\n\n\n<p>Werde Teil unseres Vereins und f\u00fclle nachstehenden Mitgliedsantrag aus:<\/p>\n\n\n\n<div class=\"wp-block-file\"><a id=\"wp-block-file--media-99ed40ed-97dd-4be1-a3b8-b58613d74f88\" href=\"https:\/\/bahnimbahnhof.at\/wp-content\/uploads\/2026\/03\/Mitgliedsformular.pdf\" target=\"_blank\" rel=\"noreferrer noopener\">Mitgliedsformular<\/a><a href=\"https:\/\/bahnimbahnhof.at\/wp-content\/uploads\/2026\/03\/Mitgliedsformular.pdf\" class=\"wp-block-file__button wp-element-button\" download aria-describedby=\"wp-block-file--media-99ed40ed-97dd-4be1-a3b8-b58613d74f88\">Herunterladen<\/a><\/div>\n\n\n\n<p>Schicke uns den ausgef\u00fcllten Antrag per Post, E-Mail oder komme einfach bei uns im<br>Modellbahnmuseum vorbei! F\u00fcr Fragen stehen die Vereinsmitglieder jederzeit zur Verf\u00fcgung.<\/p>\n\n\n\n<p><\/p>\n","protected":false},"excerpt":{"rendered":"<p>\u00dcber 100m\u00b2 Mariazellerbahn, im Ma\u00dfstab 1:87 und im Original, erwarten die Besucher imModellbahnmuseum Mariazellerbahn. Damit diese einzigartige Ausstellung weiterwachsen, begeistern und technisch auf demneuesten Stand bleiben kann, sind wir auf [&hellip;]<\/p>\n","protected":false},"author":1,"featured_media":913,"parent":0,"menu_order":0,"comment_status":"closed","ping_status":"closed","template":"","meta":{"_mi_skip_tracking":false,"footnotes":""},"class_list":["post-205","page","type-page","status-publish","has-post-thumbnail","hentry"],"translation":{"provider":"WPGlobus","version":"2.10.10","language":"fr","enabled_languages":["de","en","fr"],"languages":{"de":{"title":true,"content":true,"excerpt":false},"en":{"title":false,"content":false,"excerpt":false},"fr":{"title":false,"content":false,"excerpt":false}}},"_links":{"self":[{"href":"https:\/\/bahnimbahnhof.at\/fr\/wp-json\/wp\/v2\/pages\/205","targetHints":{"allow":["GET"]}}],"collection":[{"href":"https:\/\/bahnimbahnhof.at\/fr\/wp-json\/wp\/v2\/pages"}],"about":[{"href":"https:\/\/bahnimbahnhof.at\/fr\/wp-json\/wp\/v2\/types\/page"}],"author":[{"embeddable":true,"href":"https:\/\/bahnimbahnhof.at\/fr\/wp-json\/wp\/v2\/users\/1"}],"replies":[{"embeddable":true,"href":"https:\/\/bahnimbahnhof.at\/fr\/wp-json\/wp\/v2\/comments?post=205"}],"version-history":[{"count":9,"href":"https:\/\/bahnimbahnhof.at\/fr\/wp-json\/wp\/v2\/pages\/205\/revisions"}],"predecessor-version":[{"id":915,"href":"https:\/\/bahnimbahnhof.at\/fr\/wp-json\/wp\/v2\/pages\/205\/revisions\/915"}],"wp:featuredmedia":[{"embeddable":true,"href":"https:\/\/bahnimbahnhof.at\/fr\/wp-json\/wp\/v2\/media\/913"}],"wp:attachment":[{"href":"https:\/\/bahnimbahnhof.at\/fr\/wp-json\/wp\/v2\/media?parent=205"}],"curies":[{"name":"wp","href":"https:\/\/api.w.org\/{rel}","templated":true}]}}