{"id":388,"date":"2019-02-18T20:02:55","date_gmt":"2019-02-18T19:02:55","guid":{"rendered":"http:\/\/bahnimbahnhof.at\/?page_id=388"},"modified":"2022-10-18T23:47:49","modified_gmt":"2022-10-18T21:47:49","slug":"kombiticket-mariazellerbahn-und-modellbahnmuseum","status":"publish","type":"page","link":"https:\/\/bahnimbahnhof.at\/fr\/bahn-im-bahnhof\/kombiticket-mariazellerbahn-und-modellbahnmuseum\/","title":{"rendered":"Kombiticket: Mariazellerbahn und Modellbahnmuseum"},"content":{"rendered":"\n<div class=\"wp-block-columns is-layout-flex wp-container-core-columns-is-layout-9d6595d7 wp-block-columns-is-layout-flex\">\n<div class=\"wp-block-column is-layout-flow wp-block-column-is-layout-flow\">\n<figure class=\"wp-block-image size-large\"><img loading=\"lazy\" decoding=\"async\" width=\"542\" height=\"591\" src=\"http:\/\/bahnimbahnhof.at\/wp-content\/uploads\/2021\/11\/Banner-Kombiticket.png\" alt=\"\" class=\"wp-image-748\" srcset=\"https:\/\/bahnimbahnhof.at\/wp-content\/uploads\/2021\/11\/Banner-Kombiticket.png 542w, https:\/\/bahnimbahnhof.at\/wp-content\/uploads\/2021\/11\/Banner-Kombiticket-275x300.png 275w\" sizes=\"auto, (max-width: 542px) 100vw, 542px\" \/><\/figure>\n<\/div>\n\n\n\n<div class=\"wp-block-column is-layout-flow wp-block-column-is-layout-flow\">\n<ul class=\"wp-block-list\"><li>Erm\u00e4\u00dfigte Hin- und R\u00fcckfahrt in der Himmelstreppe oder dem E-Nostalgiezug \u00d6tscherb\u00e4r nach Kirchberg\/Pielach<\/li><li>Erm\u00e4\u00dfigter Eintritt ins Modellbahnmuseum<\/li><\/ul>\n\n\n\n<p>Die Himmelstreppe bringt Sie st\u00fcndlich zu uns nach Kirchberg\/Pielach. Bereits die Anreise durch das Dirndltal wird zum Erlebnis. F\u00fcr Nostalgiefans wird eine Anreise mit dem historischen \u00d6tscherb\u00e4r zum Highlight! <\/p>\n\n\n\n<p>Alle Kinder erhalten im Museum eine s\u00fc\u00dfe \u00dcberraschung!<\/p>\n<\/div>\n<\/div>\n\n\n\n<hr class=\"wp-block-separator\"\/>\n\n\n\n<p>Das Kombiticket Mariazellerbahn &amp; Modellbahnmuseum erhalten Sie direkt im Zug bei den Fahrgastbetreuern sowie online im N\u00d6VOG Webshop.<\/p>\n\n\n\n<hr class=\"wp-block-separator\"\/>\n\n\n\n<figure class=\"wp-block-pullquote is-style-default\"><blockquote><p>Erwachsener \u20ac 14,50\/Person<\/p><p>Kinder \u20ac 7,80\/Person<\/p><cite><strong>Preisbeispiel:<\/strong> Ab St. P\u00f6lten Hbf. Der Zustieg ist an jeder Haltestelle der Mariazellerbahn m\u00f6glich, der Preis ist relationsabh\u00e4ngig.<\/cite><\/blockquote><\/figure>\n\n\n\n<div class=\"wp-block-file\"><a href=\"http:\/\/bahnimbahnhof.at\/wp-content\/uploads\/2021\/08\/web_MZB21_Flyer_100x210_Modellbahnmuseum.pdf\" target=\"_blank\" rel=\"noreferrer noopener\">Flyer Kombiticket<\/a><a href=\"http:\/\/bahnimbahnhof.at\/wp-content\/uploads\/2021\/08\/web_MZB21_Flyer_100x210_Modellbahnmuseum.pdf\" class=\"wp-block-file__button\" download>Herunterladen<\/a><\/div>\n","protected":false},"excerpt":{"rendered":"<p>Erm\u00e4\u00dfigte Hin- und R\u00fcckfahrt in der Himmelstreppe oder dem E-Nostalgiezug \u00d6tscherb\u00e4r nach Kirchberg\/Pielach Erm\u00e4\u00dfigter Eintritt ins Modellbahnmuseum Die Himmelstreppe bringt Sie st\u00fcndlich zu uns nach Kirchberg\/Pielach. Bereits die Anreise durch [&hellip;]<\/p>\n","protected":false},"author":2,"featured_media":392,"parent":47,"menu_order":0,"comment_status":"closed","ping_status":"closed","template":"","meta":{"_mi_skip_tracking":false,"footnotes":""},"class_list":["post-388","page","type-page","status-publish","has-post-thumbnail","hentry"],"translation":{"provider":"WPGlobus","version":"2.10.10","language":"fr","enabled_languages":["de","en","fr"],"languages":{"de":{"title":true,"content":true,"excerpt":false},"en":{"title":false,"content":false,"excerpt":false},"fr":{"title":false,"content":false,"excerpt":false}}},"_links":{"self":[{"href":"https:\/\/bahnimbahnhof.at\/fr\/wp-json\/wp\/v2\/pages\/388","targetHints":{"allow":["GET"]}}],"collection":[{"href":"https:\/\/bahnimbahnhof.at\/fr\/wp-json\/wp\/v2\/pages"}],"about":[{"href":"https:\/\/bahnimbahnhof.at\/fr\/wp-json\/wp\/v2\/types\/page"}],"author":[{"embeddable":true,"href":"https:\/\/bahnimbahnhof.at\/fr\/wp-json\/wp\/v2\/users\/2"}],"replies":[{"embeddable":true,"href":"https:\/\/bahnimbahnhof.at\/fr\/wp-json\/wp\/v2\/comments?post=388"}],"version-history":[{"count":14,"href":"https:\/\/bahnimbahnhof.at\/fr\/wp-json\/wp\/v2\/pages\/388\/revisions"}],"predecessor-version":[{"id":780,"href":"https:\/\/bahnimbahnhof.at\/fr\/wp-json\/wp\/v2\/pages\/388\/revisions\/780"}],"up":[{"embeddable":true,"href":"https:\/\/bahnimbahnhof.at\/fr\/wp-json\/wp\/v2\/pages\/47"}],"wp:featuredmedia":[{"embeddable":true,"href":"https:\/\/bahnimbahnhof.at\/fr\/wp-json\/wp\/v2\/media\/392"}],"wp:attachment":[{"href":"https:\/\/bahnimbahnhof.at\/fr\/wp-json\/wp\/v2\/media?parent=388"}],"curies":[{"name":"wp","href":"https:\/\/api.w.org\/{rel}","templated":true}]}}