{"id":45,"date":"2017-10-08T16:10:59","date_gmt":"2017-10-08T14:10:59","guid":{"rendered":"http:\/\/bahnimbahnhof.at\/?page_id=45"},"modified":"2025-03-08T18:11:00","modified_gmt":"2025-03-08T17:11:00","slug":"verein","status":"publish","type":"page","link":"https:\/\/bahnimbahnhof.at\/fr\/verein\/","title":{"rendered":"Verein"},"content":{"rendered":"\n<p><\/p>\n\n\n\n<p>Im Jahr 1993 baute Ernst Kainz in Traismauer ein 70m<sup>2<\/sup> gro\u00dfes Modell der Mariazellerbahn von Laubenbachm\u00fchle bis Erlaufklause. 1996 \u00fcbersiedelte er damit in die ehemalige Kegelbahn des Gasthauses Hinteregger (heute Gh.Mahrer).<\/p>\n\n\n\n<p>Die Strecke wurde mit allen Bahnh\u00f6fen, Br\u00fccken, Viadukten und Tunnels liebevoll nachgebaut. \u00dcber 20.000 B\u00e4umchen hat er mit seinen Helferinnen und Helfern aufgestellt und daneben eine kleine Ausstellung mit Schaust\u00fccken und Fotos rund um die Mariazellerbahn&nbsp; zusammengestellt.<\/p>\n\n\n\n<p>Nach seinem Tod im Mai 2001 \u00fcbernahm ein Masseverwalter die wirtschaftlichen Belange. Die Anlage wurde tageweise von der Gemeinde gepachtet und f\u00fcr Besucher ge\u00f6ffnet. Dieser Zustand war aber auf Dauer wenig zufriedenstellend. Ein Verkauf bzw. der Abriss drohte. Damit dieses gro\u00dfartige Werk weiterhin erhalten und der \u00f6ffentlichkeit zug\u00e4nglich bleibt, wurde die Idee der Vereinsgr\u00fcndung geboren.<\/p>\n\n\n\n<p>Im Oktober 2001 nahmen die Proponenten (Vereinsgr\u00fcnder) G\u00fcnter Draxler aus Rabenstein, Martin Kindig und Martin Fr\u00fchwald, beide aus Kirchberg, die Arbeit auf.<\/p>\n\n\n\n<p>In der Zwischenzeit liefen Verhandlungen \u00fcber den Ankauf der Anlage und des restlichen Museumsinventars durch die Gemeinde, welche dann auch erfolgreich abgeschlossen wurden.<\/p>\n\n\n\n<p>Am 14. November 2001 wurde den Proponenten die Anlage von der Marktgemeinde Kirchberg per Vertrag zur Betreuung \u00fcbergeben.<\/p>\n\n\n\n<p>Die Sitzung zur Vereinsgr\u00fcndung fand am 15. Februar 2002 im Gh. Hinteregger statt. Die zehn Gr\u00fcndungsmitglieder waren: Ing. Martin Fr\u00fchwald, Martin Kindig, Ing. G\u00fcnter Draxler, Angela Gansch, Gerhard Hackner, Josef Bauer, DI Johannes Matschi, Georg Schiebl, Ing Wilhelm Weinmeier und Markus Wieland.<\/p>\n\n\n<div class=\"wp-block-image\">\n<figure class=\"aligncenter is-resized\"><img loading=\"lazy\" decoding=\"async\" width=\"1024\" height=\"703\" src=\"http:\/\/bahnimbahnhof.at\/wp-content\/uploads\/2018\/04\/Gr\u00fcndungsmitglieder-1024x703.jpg\" alt=\"\" class=\"wp-image-287\" style=\"width:512px;height:352px\" srcset=\"https:\/\/bahnimbahnhof.at\/wp-content\/uploads\/2018\/04\/Gr\u00fcndungsmitglieder-1024x703.jpg 1024w, https:\/\/bahnimbahnhof.at\/wp-content\/uploads\/2018\/04\/Gr\u00fcndungsmitglieder-300x206.jpg 300w, https:\/\/bahnimbahnhof.at\/wp-content\/uploads\/2018\/04\/Gr\u00fcndungsmitglieder-768x527.jpg 768w, https:\/\/bahnimbahnhof.at\/wp-content\/uploads\/2018\/04\/Gr\u00fcndungsmitglieder.jpg 1220w\" sizes=\"auto, (max-width: 1024px) 100vw, 1024px\" \/><\/figure>\n<\/div>\n\n\n<p>Bei der Jahreshauptversammlung am 25.03.2022 wurde der Vorstand neu gew\u00e4hlt, und setzt sich nun folgenderma\u00dfen zusammen:<\/p>\n\n\n\n<figure class=\"wp-block-table is-style-stripes\"><table><tbody><tr><td>Obmann:<\/td><td>Ing. G\u00fcnter Draxler<\/td><\/tr><tr><td>Omann Stv:<\/td><td>Walter Puchegger<\/td><\/tr><tr><td>Kassier:<\/td><td>Dipl.-Ing. Gerald Pottendorfer<\/td><\/tr><tr><td>Kassier Stv:<\/td><td>Martin Kindig<\/td><\/tr><tr><td>Schriftf\u00fchrer:<\/td><td>Alexander Fink<\/td><\/tr><tr><td>Schriftf\u00fchrer Stv:<\/td><td>Roswitha Puchegger<\/td><\/tr><tr><td>Kassapr\u00fcfer:<\/td><td>Peter Hinteregger<\/td><\/tr><tr><td>&nbsp;<\/td><td>Gerhard Hackner<\/td><\/tr><\/tbody><\/table><\/figure>\n\n\n\n<p>Die Gemeinde stellte die Anlage dem Verein zur freien Verf\u00fcgung, dieser verpflichtet sich im Gegenzug aber vertraglich dazu, regelm\u00e4\u00dfig einmal pro Woche f\u00fcr Besucher offen zu halten. Die Hauptaufgaben des Vereins sind die Betreuung und instandhaltung der Anlage (aktuell Neubau).<\/p>\n\n\n\n<p>Seinen ersten Auftritt hatte der junge Verein beim Weltrekordversuch um das gr\u00f6\u00dfste Osternest der Welt im M\u00e4rz 2002, wo ein Bahn-Ei begesteuert wurde. Weiterei Higlights waren die Mitorganisation der Schmalspurfestivals und Filmaufnahmen des ORF sowie des SWR f\u00fcr <em>Eisenbahn Romantik<\/em>.<\/p>\n\n\n\n<p>Aktuell hat der Verein ca. 55 Mitglieder, davon 10 aktive, die sich jeden Dienstag ab 18:00 im Museum treffen und an der Anlage weiterbauen. Wir suchen st\u00e4ndig neue Mitglieder, f\u00fcllen Sie dazu bitte einfach das <a href=\"\/wp-content\/uploads\/2020\/01\/Antrag-Mitgliedschaft.pdf\" target=\"_blank\" rel=\"noreferrer noopener\" aria-label=\" (\u00f6ffnet in neuem Tab)\">Formular<\/a> aus und lassen Sie es uns per Mail bzw. Post zukommen, oder kommen einfach an einem Dienstag Abend vorbei!<\/p>\n\n\n\n<div class=\"wp-block-file\"><a href=\"http:\/\/bahnimbahnhof.at\/wp-content\/uploads\/2020\/01\/Antrag-Mitgliedschaft.pdf\">Antrag-Mitgliedschaft<\/a><a href=\"http:\/\/bahnimbahnhof.at\/wp-content\/uploads\/2020\/01\/Antrag-Mitgliedschaft.pdf\" class=\"wp-block-file__button wp-element-button\" download>Herunterladen<\/a><\/div>\n\n\n\n<p><\/p>\n\n\n\n<div class=\"wp-block-buttons is-content-justification-right is-layout-flex wp-container-core-buttons-is-layout-765c4724 wp-block-buttons-is-layout-flex\">\n<div class=\"wp-block-button\"><a class=\"wp-block-button__link wp-element-button\" href=\"http:\/\/intern.bahnimbahnhof.at\/login\/\">Interne Website<\/a><\/div>\n<\/div>\n","protected":false},"excerpt":{"rendered":"<p>Im Jahr 1993 baute Ernst Kainz in Traismauer ein 70m2 gro\u00dfes Modell der Mariazellerbahn von Laubenbachm\u00fchle bis Erlaufklause. 1996 \u00fcbersiedelte er damit in die ehemalige Kegelbahn des Gasthauses Hinteregger (heute [&hellip;]<\/p>\n","protected":false},"author":2,"featured_media":0,"parent":0,"menu_order":0,"comment_status":"closed","ping_status":"closed","template":"","meta":{"_mi_skip_tracking":false,"footnotes":""},"class_list":["post-45","page","type-page","status-publish","hentry"],"translation":{"provider":"WPGlobus","version":"2.10.10","language":"fr","enabled_languages":["de","en","fr"],"languages":{"de":{"title":true,"content":true,"excerpt":false},"en":{"title":true,"content":true,"excerpt":false},"fr":{"title":false,"content":false,"excerpt":false}}},"_links":{"self":[{"href":"https:\/\/bahnimbahnhof.at\/fr\/wp-json\/wp\/v2\/pages\/45","targetHints":{"allow":["GET"]}}],"collection":[{"href":"https:\/\/bahnimbahnhof.at\/fr\/wp-json\/wp\/v2\/pages"}],"about":[{"href":"https:\/\/bahnimbahnhof.at\/fr\/wp-json\/wp\/v2\/types\/page"}],"author":[{"embeddable":true,"href":"https:\/\/bahnimbahnhof.at\/fr\/wp-json\/wp\/v2\/users\/2"}],"replies":[{"embeddable":true,"href":"https:\/\/bahnimbahnhof.at\/fr\/wp-json\/wp\/v2\/comments?post=45"}],"version-history":[{"count":29,"href":"https:\/\/bahnimbahnhof.at\/fr\/wp-json\/wp\/v2\/pages\/45\/revisions"}],"predecessor-version":[{"id":866,"href":"https:\/\/bahnimbahnhof.at\/fr\/wp-json\/wp\/v2\/pages\/45\/revisions\/866"}],"wp:attachment":[{"href":"https:\/\/bahnimbahnhof.at\/fr\/wp-json\/wp\/v2\/media?parent=45"}],"curies":[{"name":"wp","href":"https:\/\/api.w.org\/{rel}","templated":true}]}}