{"id":47,"date":"2017-10-08T16:11:09","date_gmt":"2017-10-08T14:11:09","guid":{"rendered":"http:\/\/bahnimbahnhof.at\/?page_id=47"},"modified":"2020-05-06T13:28:22","modified_gmt":"2020-05-06T11:28:22","slug":"bahn-im-bahnhof","status":"publish","type":"page","link":"https:\/\/bahnimbahnhof.at\/fr\/bahn-im-bahnhof\/","title":{"rendered":"Bahn im Bahnhof"},"content":{"rendered":"\n<p>Als die Gemeinde Kirchberg an der Pielach im Jahr 2015 den Bahnhof Kirchberg kaufte, ergab sich f\u00fcr uns die M\u00f6glichkeit in das Bahnhofsgeb\u00e4ude zu \u00fcbersiedeln. Dem zeitaufw\u00e4ndigen Anlagenneubau standen allerdings viele Pro-Argumente gegen\u00fcber. So k\u00f6nnen wir den Besuchern k\u00fcnftig noch mehr Strecke der Mariazellerbahn und zwei originale Mariazellerbahn Fahrzeuge pr\u00e4sentieren. Die Idee <em>&#8220;Bahn im Bahnhof&#8221; <\/em>war geboren.<\/p>\n\n\n\n<figure class=\"wp-block-image size-large\"><img loading=\"lazy\" decoding=\"async\" width=\"1024\" height=\"682\" src=\"http:\/\/bahnimbahnhof.at\/wp-content\/uploads\/2020\/01\/Modellbahn-Bahnhof-Kirchberg-Au\u00dfenansichtcschwarz-koenig.at_-1024x682.jpg\" alt=\"\" class=\"wp-image-526\" srcset=\"https:\/\/bahnimbahnhof.at\/wp-content\/uploads\/2020\/01\/Modellbahn-Bahnhof-Kirchberg-Au\u00dfenansichtcschwarz-koenig.at_-1024x682.jpg 1024w, https:\/\/bahnimbahnhof.at\/wp-content\/uploads\/2020\/01\/Modellbahn-Bahnhof-Kirchberg-Au\u00dfenansichtcschwarz-koenig.at_-300x200.jpg 300w, https:\/\/bahnimbahnhof.at\/wp-content\/uploads\/2020\/01\/Modellbahn-Bahnhof-Kirchberg-Au\u00dfenansichtcschwarz-koenig.at_-768x512.jpg 768w, https:\/\/bahnimbahnhof.at\/wp-content\/uploads\/2020\/01\/Modellbahn-Bahnhof-Kirchberg-Au\u00dfenansichtcschwarz-koenig.at_-1536x1024.jpg 1536w, https:\/\/bahnimbahnhof.at\/wp-content\/uploads\/2020\/01\/Modellbahn-Bahnhof-Kirchberg-Au\u00dfenansichtcschwarz-koenig.at_.jpg 1808w\" sizes=\"auto, (max-width: 1024px) 100vw, 1024px\" \/><figcaption> \u00a9 Doris Schwarz-K\u00f6nig <\/figcaption><\/figure>\n\n\n\n<p>Da der Verein und die Gemeinde das 350.000 Euro-Projekt nicht alleine stemmen konnte wurde bei ECO-Plus und der Kulturabteilung des Landes Nieder\u00f6sterreich um Unterst\u00fctzung angesucht, die wir dann auch bekamen.<\/p>\n\n\n\n<p>Nach \u00fcber 2,5 Jahren Bauzeit, konnte das Modellbahnmuseum Mariazellerbahn am 11. &amp; 12. Mai 2019 mit \u00fcber 800 G\u00e4sten seine Wiederer\u00f6ffnung  feiern.<\/p>\n\n\n\n<div class=\"wp-block-buttons is-layout-flex wp-block-buttons-is-layout-flex\"><\/div>\n\n\n\n<div class=\"wp-block-buttons is-layout-flex wp-block-buttons-is-layout-flex\">\n<div class=\"wp-block-button is-style-outline is-style-outline--1\"><a class=\"wp-block-button__link has-text-color has-vivid-red-color\" href=\"https:\/\/mitten-im-mostviertel.at\/modellbahnmuseum-in-kirchberg-an-der-pielach-eroeffnet-schranken-auf-fuer-bahn-im-bahnhof\/\" target=\"_blank\" rel=\"noreferrer noopener\">Hier gehts zum Bericht auf mitten-im-mostviertel.at<\/a><\/div>\n<\/div>\n","protected":false},"excerpt":{"rendered":"<p>Als die Gemeinde Kirchberg an der Pielach im Jahr 2015 den Bahnhof Kirchberg kaufte, ergab sich f\u00fcr uns die M\u00f6glichkeit in das Bahnhofsgeb\u00e4ude zu \u00fcbersiedeln. Dem zeitaufw\u00e4ndigen Anlagenneubau standen allerdings [&hellip;]<\/p>\n","protected":false},"author":2,"featured_media":0,"parent":0,"menu_order":0,"comment_status":"closed","ping_status":"closed","template":"","meta":{"_mi_skip_tracking":false,"footnotes":""},"class_list":["post-47","page","type-page","status-publish","hentry"],"translation":{"provider":"WPGlobus","version":"2.10.10","language":"fr","enabled_languages":["de","en","fr"],"languages":{"de":{"title":true,"content":true,"excerpt":false},"en":{"title":true,"content":true,"excerpt":false},"fr":{"title":false,"content":false,"excerpt":false}}},"_links":{"self":[{"href":"https:\/\/bahnimbahnhof.at\/fr\/wp-json\/wp\/v2\/pages\/47","targetHints":{"allow":["GET"]}}],"collection":[{"href":"https:\/\/bahnimbahnhof.at\/fr\/wp-json\/wp\/v2\/pages"}],"about":[{"href":"https:\/\/bahnimbahnhof.at\/fr\/wp-json\/wp\/v2\/types\/page"}],"author":[{"embeddable":true,"href":"https:\/\/bahnimbahnhof.at\/fr\/wp-json\/wp\/v2\/users\/2"}],"replies":[{"embeddable":true,"href":"https:\/\/bahnimbahnhof.at\/fr\/wp-json\/wp\/v2\/comments?post=47"}],"version-history":[{"count":16,"href":"https:\/\/bahnimbahnhof.at\/fr\/wp-json\/wp\/v2\/pages\/47\/revisions"}],"predecessor-version":[{"id":576,"href":"https:\/\/bahnimbahnhof.at\/fr\/wp-json\/wp\/v2\/pages\/47\/revisions\/576"}],"wp:attachment":[{"href":"https:\/\/bahnimbahnhof.at\/fr\/wp-json\/wp\/v2\/media?parent=47"}],"curies":[{"name":"wp","href":"https:\/\/api.w.org\/{rel}","templated":true}]}}