{"id":55,"date":"2017-10-08T16:12:29","date_gmt":"2017-10-08T14:12:29","guid":{"rendered":"http:\/\/bahnimbahnhof.at\/?page_id=55"},"modified":"2026-02-22T11:14:41","modified_gmt":"2026-02-22T10:14:41","slug":"shop","status":"publish","type":"page","link":"https:\/\/bahnimbahnhof.at\/fr\/shop\/","title":{"rendered":"Schmalspurshop"},"content":{"rendered":"\n<p><strong>Unser Angebot:<\/strong><\/p>\n\n\n\n<p>Unser Museumshop bietet B\u00fccher, Schriften, Souveniers, Fotos, Videos, Ansichtskarten sowie Modellbahnartikel und Zubeh\u00f6r.<\/p>\n\n\n\n<p>Unser Hauptaugenmerk liegt naturgem\u00e4\u00df bei der schmalen Spur: Loks, Waggons, Gleise, Weichen und Steuerger\u00e4te haben wir dauerhaft f\u00fcr Sie lagernd.<\/p>\n\n\n\n<p>Gerne bestellen wir als Modellbahn-Fachh\u00e4ndler auch&#8230;<\/p>\n\n\n\n<p>&#8230; Modelleisenbahnen und Zubeh\u00f6r bei &#8230;<\/p>\n\n\n\n<ul class=\"wp-block-list\">\n<li>Roco &#8211; Fleischmann<\/li>\n\n\n\n<li>FerroTrain &#8211; Halling &#8211; St\u00e4ngel<\/li>\n\n\n\n<li>Piko<\/li>\n\n\n\n<li>M\u00e4rklin &#8211; Trix &#8211; LGB<\/li>\n\n\n\n<li>ZIMO<\/li>\n\n\n\n<li>Liliput-Bachmann<\/li>\n<\/ul>\n\n\n\n<p>&#8230; Ausgestaltungsartikel f\u00fcr die Modellbahn bei &#8230;<\/p>\n\n\n\n<ul class=\"wp-block-list\">\n<li>Busch<\/li>\n\n\n\n<li>Faller<\/li>\n\n\n\n<li>NOCH<\/li>\n\n\n\n<li>Viessmann &#8211; Kibri &#8211; Vollmer<\/li>\n\n\n\n<li>Modellmanufaktur Beckert<\/li>\n<\/ul>\n\n\n\n<p>&#8230; sowie Souveniers und Medien bei &#8230;<\/p>\n\n\n\n<ul class=\"wp-block-list\">\n<li>LaLok<\/li>\n\n\n\n<li>Bahnorama<\/li>\n\n\n\n<li>N\u00d6VOG (Mariazellerbahn Werbeartikel)<\/li>\n\n\n\n<li>Railway &#8211; Media &#8211; Group<\/li>\n<\/ul>\n\n\n\n<p>f\u00fcr Sie!<\/p>\n\n\n\n<hr class=\"wp-block-separator has-css-opacity\"\/>\n\n\n\n<p>Mit einem Einkauf in unserem Museumssshop unterst\u00fctzen Sie die weitere Ausgestaltung und den Erhalt unserer Anlage! <\/p>\n\n\n\n<hr class=\"wp-block-separator has-css-opacity\"\/>\n\n\n\n<p><strong>Wie erh\u00e4ltlich?<\/strong><\/p>\n\n\n\n<p>Neben dem normalen Verkauf zu den \u00d6ffnungszeiten, versenden wir unsere Artikel auch gerne auf Wunsch. Bestellen k\u00f6nnen Sie gerne per Mail an <a href=\"mailto:verein@bahnimbahnhof.at\">verein@bahnimbahnhof.at<\/a> oder via Telefon (02722\/20377, zu den \u00d6ffnungszeiten).<\/p>\n\n\n\n<hr class=\"wp-block-separator has-css-opacity\"\/>\n\n\n\n<p>Zum Schm\u00f6kern empfehlen wir den aktuellen ROCO Schmalspur &#8211; Katalog:<\/p>\n","protected":false},"excerpt":{"rendered":"<p>Unser Angebot: Unser Museumshop bietet B\u00fccher, Schriften, Souveniers, Fotos, Videos, Ansichtskarten sowie Modellbahnartikel und Zubeh\u00f6r. Unser Hauptaugenmerk liegt naturgem\u00e4\u00df bei der schmalen Spur: Loks, Waggons, Gleise, Weichen und Steuerger\u00e4te haben [&hellip;]<\/p>\n","protected":false},"author":2,"featured_media":0,"parent":0,"menu_order":0,"comment_status":"closed","ping_status":"closed","template":"","meta":{"_mi_skip_tracking":false,"footnotes":""},"class_list":["post-55","page","type-page","status-publish","hentry"],"translation":{"provider":"WPGlobus","version":"2.10.10","language":"fr","enabled_languages":["de","en","fr"],"languages":{"de":{"title":true,"content":true,"excerpt":false},"en":{"title":false,"content":false,"excerpt":false},"fr":{"title":false,"content":false,"excerpt":false}}},"_links":{"self":[{"href":"https:\/\/bahnimbahnhof.at\/fr\/wp-json\/wp\/v2\/pages\/55","targetHints":{"allow":["GET"]}}],"collection":[{"href":"https:\/\/bahnimbahnhof.at\/fr\/wp-json\/wp\/v2\/pages"}],"about":[{"href":"https:\/\/bahnimbahnhof.at\/fr\/wp-json\/wp\/v2\/types\/page"}],"author":[{"embeddable":true,"href":"https:\/\/bahnimbahnhof.at\/fr\/wp-json\/wp\/v2\/users\/2"}],"replies":[{"embeddable":true,"href":"https:\/\/bahnimbahnhof.at\/fr\/wp-json\/wp\/v2\/comments?post=55"}],"version-history":[{"count":36,"href":"https:\/\/bahnimbahnhof.at\/fr\/wp-json\/wp\/v2\/pages\/55\/revisions"}],"predecessor-version":[{"id":891,"href":"https:\/\/bahnimbahnhof.at\/fr\/wp-json\/wp\/v2\/pages\/55\/revisions\/891"}],"wp:attachment":[{"href":"https:\/\/bahnimbahnhof.at\/fr\/wp-json\/wp\/v2\/media?parent=55"}],"curies":[{"name":"wp","href":"https:\/\/api.w.org\/{rel}","templated":true}]}}