{"id":9,"date":"2017-10-08T14:32:28","date_gmt":"2017-10-08T12:32:28","guid":{"rendered":"http:\/\/bahnimbahnhof.at\/?page_id=9"},"modified":"2026-01-18T20:29:42","modified_gmt":"2026-01-18T19:29:42","slug":"startseite","status":"publish","type":"page","link":"https:\/\/bahnimbahnhof.at\/fr\/","title":{"rendered":""},"content":{"rendered":"\n<h2 class=\"wp-block-heading\">L&#8217;important d&#8217;un coup d&#8217;\u0153il!<\/h2>\n\n\n\n<p><strong>Notre heures d&#8217;overture:<\/strong><\/p>\n\n\n\n<figure class=\"wp-block-table is-style-stripes\"><table><tbody><tr><td>Toute l&#8217;ann\u00e9e samedi &amp; dimanche<\/td><td>13:00 &#8211; 17:00<\/td><\/tr><tr><td>De mai \u00e0 septembre en plus<\/td><td>9:00 &#8211; 13:00<\/td><\/tr><tr><td>Juillet &amp; ao\u00fbt en plus<\/td><td>9:00 &#8211; 13:00<\/td><\/tr><\/tbody><\/table><\/figure>\n\n\n\n<p>Des groupes \u00e0 partir de 10 personnes aussi aux autres temps. (<a href=\"verein@bahnimbahnhof.at\" data-type=\"link\" data-id=\"verein@bahnimbahnhof.at\">Mail<\/a> ou T\u00e9l. 0043 2722 7309 commune Kirchberg\/Pielach)<\/p>\n\n\n\n<p><strong>Prix d&#8217;entr\u00e9e:<\/strong><\/p>\n\n\n\n<figure class=\"wp-block-table is-style-stripes\"><table><tbody><tr><td>Adulte<\/td><td>7 \u20ac<\/td><\/tr><tr><td>Enfant (\u00e0 6 ans)<\/td><td>gratuit<br><\/td><\/tr><tr><td>Enfant (6 \u00e0 14 ans)<\/td><td>3,50 \u20ac<\/td><\/tr><tr><td>R\u00e9duit (\u00e9tudiants, seniors)<\/td><td>6 \u20ac<\/td><\/tr><tr><td>Famille (2 adultes et 2 enfants)<\/td><td>16 \u20ac<\/td><\/tr><tr><td>Groupes<\/td><td>5 \u20ac<\/td><\/tr><tr><td>Nieder\u00f6sterreich Card \/ Wilde Wunder Card<\/td><td>gratuit<\/td><\/tr><tr><td>Nieder\u00f6sterreichischer Familienpass<\/td><td>enfants gratuit<\/td><\/tr><\/tbody><\/table><\/figure>\n\n\n\n<p><strong>Vous trouvez nous:<\/strong><\/p>\n\n\n\n<p>Modellbahnmuseum Mariazellerbahn<br>Bahnhofstrasse 9<br>3204 Kirchberg an der Pielach<br>L&#8217;AUTRICHE<\/p>\n\n\n\n<p>Nous vous recommandons le voyage avec le train! Utilisez la Westbahn \u00e0 St. P\u00f6lten et prendez un train \u00e0 Kirchberg.<\/p>\n\n\n","protected":false},"excerpt":{"rendered":"<p>L&#8217;important d&#8217;un coup d&#8217;\u0153il! Notre heures d&#8217;overture: Toute l&#8217;ann\u00e9e samedi &amp; dimanche 13:00 &#8211; 17:00 De mai \u00e0 septembre en plus 9:00 &#8211; 13:00 Juillet &amp; ao\u00fbt en plus 9:00 [&hellip;]<\/p>\n","protected":false},"author":2,"featured_media":0,"parent":0,"menu_order":0,"comment_status":"closed","ping_status":"closed","template":"","meta":{"_mi_skip_tracking":false,"footnotes":""},"class_list":["post-9","page","type-page","status-publish","hentry"],"translation":{"provider":"WPGlobus","version":"2.10.10","language":"fr","enabled_languages":["de","en","fr"],"languages":{"de":{"title":false,"content":true,"excerpt":false},"en":{"title":false,"content":true,"excerpt":false},"fr":{"title":false,"content":true,"excerpt":false}}},"_links":{"self":[{"href":"https:\/\/bahnimbahnhof.at\/fr\/wp-json\/wp\/v2\/pages\/9","targetHints":{"allow":["GET"]}}],"collection":[{"href":"https:\/\/bahnimbahnhof.at\/fr\/wp-json\/wp\/v2\/pages"}],"about":[{"href":"https:\/\/bahnimbahnhof.at\/fr\/wp-json\/wp\/v2\/types\/page"}],"author":[{"embeddable":true,"href":"https:\/\/bahnimbahnhof.at\/fr\/wp-json\/wp\/v2\/users\/2"}],"replies":[{"embeddable":true,"href":"https:\/\/bahnimbahnhof.at\/fr\/wp-json\/wp\/v2\/comments?post=9"}],"version-history":[{"count":143,"href":"https:\/\/bahnimbahnhof.at\/fr\/wp-json\/wp\/v2\/pages\/9\/revisions"}],"predecessor-version":[{"id":887,"href":"https:\/\/bahnimbahnhof.at\/fr\/wp-json\/wp\/v2\/pages\/9\/revisions\/887"}],"wp:attachment":[{"href":"https:\/\/bahnimbahnhof.at\/fr\/wp-json\/wp\/v2\/media?parent=9"}],"curies":[{"name":"wp","href":"https:\/\/api.w.org\/{rel}","templated":true}]}}